{"id":17,"date":"2024-09-24T01:57:28","date_gmt":"2024-09-23T23:57:28","guid":{"rendered":"https:\/\/mwg-garage.fr\/?page_id=17"},"modified":"2024-10-18T00:41:05","modified_gmt":"2024-10-17T22:41:05","slug":"accueil","status":"publish","type":"page","link":"https:\/\/mwg-garage.fr\/","title":{"rendered":"Accueil"},"content":{"rendered":"<div class=\"\" style=\"\" >\n    \n    <section class=\"u-align-center u-clearfix u-container-align-center u-image u-shading u-section-2\" src=\"\" data-image-width=\"680\" data-image-height=\"314\" id=\"sec-f2b1\" style=\"background-image: linear-gradient(0deg, rgba(0, 0, 0, 0.35), rgba(0, 0, 0, 0.35)), url(&quot;https:\/\/mwg-garage.fr\/wp-content\/uploads\/2024\/09\/2023-08-28.png&quot;);\">\n      <div class=\"u-clearfix u-sheet u-valign-middle u-sheet-1\">\n        <h1 class=\"u-align-center u-text u-text-default u-title u-text-1\">MWG<\/h1>\n        <p class=\"u-align-center u-large-text u-text u-text-variant u-text-2\">Sp\u00e9cialiste en restauration de v\u00e9hicules de collection et en assistance comp\u00e9tition.<br>R\u00e9paration et entretien de vehicules toutes marques\n        <\/p>\n        <a href=\"#\" class=\"u-align-center u-border-none u-btn u-button-style u-palette-1-base u-btn-1\">En savoir plus<\/a>\n      <\/div>\n    <\/section>\n    <section class=\"u-clearfix u-section-3\" id=\"sec-b544\">\n      <div class=\"u-clearfix u-sheet u-sheet-1\">\n        <div class=\"data-layout-selected u-clearfix u-expanded-width u-gutter-10 u-layout-wrap u-layout-wrap-1\">\n          <div class=\"u-layout\" style=\"\">\n            <div class=\"u-layout-row\" style=\"\">\n              <div class=\"u-align-left u-container-align-left u-container-style u-layout-cell u-right-cell u-size-30 u-size-xs-60 u-white u-layout-cell-1\">\n                <div class=\"u-container-layout u-container-layout-1\">\n                  <h2 class=\"u-text u-text-default u-text-1\">Nos horaires<\/h2>\n                  <p class=\"u-text u-text-2\">\n                    <span style=\"font-size: 1rem;\"><b>Du lundi au jeudi de 9h \u00e0 12h30 et de 14h \u00e0 18h30<\/b><b><\/b>\n                      <br>\n                    <\/span><b>\n                      <span style=\"font-size: 1rem;\"><b>Vendredi de 9h \u00e0 12h30 et de 14h \u00e0 17h30<\/b><b><\/b>\n                        <br>\n                      <\/span><b><b style=\"font-size: 1rem;\">Samedi de 9h \u00e0 12h30<\/b><b><\/b>\n                        <br><b><b><b>&nbsp;<\/b><\/b><\/b><\/b><\/b>\n                    <br><b><b><b><b><b>mwg31110@yahoo.com<\/b><b><\/b>\n                            <br><b><i><\/i><b>58 Avenue R\u00e9my Comet 31110 Bagn\u00e8res-de-luchon<\/b>\n                              <br><\/b><\/b><\/b><\/b><\/b>\n                  <\/p>\n                  <a href=\"tel:05 61 79 16 93\" class=\"u-btn u-button-style u-text-hover-palette-1-base u-btn-1\"><span class=\"u-icon u-text-palette-1-base\"><svg class=\"u-svg-content\" viewBox=\"0 0 405.333 405.333\" x=\"0px\" y=\"0px\" style=\"width: 1em; height: 1em;\"><path d=\"M373.333,266.88c-25.003,0-49.493-3.904-72.704-11.563c-11.328-3.904-24.192-0.896-31.637,6.699l-46.016,34.752    c-52.8-28.181-86.592-61.952-114.389-114.368l33.813-44.928c8.512-8.512,11.563-20.971,7.915-32.64    C142.592,81.472,138.667,56.96,138.667,32c0-17.643-14.357-32-32-32H32C14.357,0,0,14.357,0,32    c0,205.845,167.488,373.333,373.333,373.333c17.643,0,32-14.357,32-32V298.88C405.333,281.237,390.976,266.88,373.333,266.88z\"><\/path><\/svg><\/span>&nbsp;05 61 79 16 93\n                  <\/a>\n                  <a href=\"https:\/\/maps.app.goo.gl\/e4oBPWVBt1aLokfw8\" class=\"u-btn u-btn-round u-button-style u-hover-palette-1-light-1 u-palette-1-base u-radius u-btn-2\">Vers le garage<\/a>\n                <\/div>\n              <\/div>\n              <div class=\"u-align-left u-container-align-left u-container-style u-image u-layout-cell u-left-cell u-size-30 u-size-xs-60 u-image-1\" src=\"\" data-image-width=\"960\" data-image-height=\"432\" style=\"background-image: url(&quot;https:\/\/mwg-garage.fr\/wp-content\/uploads\/2024\/09\/453743348_1089305439494110_5092355260854357528_n.jpg&quot;);\">\n                <div class=\"u-container-layout u-valign-middle u-container-layout-2\" src=\"\"><\/div>\n              <\/div>\n            <\/div>\n          <\/div>\n        <\/div>\n      <\/div>\n    <\/section>\n    <section class=\"u-clearfix u-section-4\" id=\"carousel_3b1e\">\n      <div class=\"u-clearfix u-sheet u-sheet-1\">\n        <div class=\"data-layout-selected u-clearfix u-expanded-width u-gutter-10 u-layout-wrap u-layout-wrap-1\">\n          <div class=\"u-layout\" style=\"\">\n            <div class=\"u-layout-row\" style=\"\">\n              <div class=\"u-align-left u-container-align-left u-container-style u-layout-cell u-left-cell u-size-30 u-size-xs-60 u-layout-cell-1\" src=\"\">\n                <div class=\"u-container-layout u-container-layout-1\" src=\"\">\n                  <img decoding=\"async\" class=\"u-expanded-width u-image u-image-1\" src=\"https:\/\/mwg-garage.fr\/wp-content\/uploads\/2024\/09\/453145414_1084496913308296_2981066604531088538_n.jpg\" data-image-width=\"2048\" data-image-height=\"1536\">\n                <\/div>\n              <\/div>\n              <div class=\"u-align-left u-container-align-left u-container-align-left-lg u-container-align-left-xl u-container-style u-layout-cell u-right-cell u-size-30 u-size-xs-60 u-white u-layout-cell-2\">\n                <div class=\"u-container-layout u-container-layout-2\">\n                  <h2 class=\"u-text u-text-default u-text-1\">Service entretien<br>\n                  <\/h2>\n                  <p class=\"u-text u-text-2\"> MWG prend en charge tous types de v\u00e9hicules pour l\u2019entretien et ce dans les plus brefs d\u00e9lais et quel que soit le mod\u00e8le.<\/p>\n                <\/div>\n              <\/div>\n            <\/div>\n          <\/div>\n        <\/div>\n      <\/div>\n    <\/section>\n    <section class=\"u-clearfix u-section-5\" id=\"carousel_c9ad\">\n      <div class=\"u-clearfix u-sheet u-sheet-1\">\n        <div class=\"data-layout-selected u-clearfix u-expanded-width u-gutter-10 u-layout-wrap u-layout-wrap-1\">\n          <div class=\"u-layout\" style=\"\">\n            <div class=\"u-layout-row\" style=\"\">\n              <div class=\"u-align-left u-container-align-left u-container-style u-layout-cell u-right-cell u-size-30 u-size-xs-60 u-white u-layout-cell-1\">\n                <div class=\"u-container-layout u-container-layout-1\">\n                  <h2 class=\"u-text u-text-default u-text-1\">R\u00e9paration<\/h2>\n                  <p class=\"u-text u-text-2\"> Le garage MWG r\u00e9alise un diagnostic pr\u00e9cis de votre v\u00e9hicule afin d\u2019identifier la source du probl\u00e8me.<br>\n                    <br>De plus, MWG assure tous types de r\u00e9paration allant de la courroie de distribution \u00e0 la boite de vitesse, tout en respectant les normes constructeur.<br>\n                    <br>Notre \u00e9quipe se tiens a votre disposition afin de r\u00e9pondre de fa\u00e7on efficace et rapide aux diverses prestations n\u00e9cessaires \u00e0 la r\u00e9paration de votre v\u00e9hicule.<br>\n                    <br>Vous recherchez un m\u00e9canicien pour entretenir et r\u00e9parer votre voiture pour une comp\u00e9tition ?<br>Faites appel \u00e0 Match Wagen Garage pour assurer une pr\u00e9paration sp\u00e9cifique et sur-mesure pour diff\u00e9rentes comp\u00e9titions.\n                  <\/p>\n                <\/div>\n              <\/div>\n              <div class=\"u-align-left u-container-align-left u-container-style u-image u-layout-cell u-left-cell u-size-30 u-size-xs-60 u-image-1\" src=\"\" data-image-width=\"2048\" data-image-height=\"1536\" style=\"background-image: url(&quot;https:\/\/mwg-garage.fr\/wp-content\/uploads\/2024\/09\/453193380_1084403216650999_4498922709855846750_n.jpg&quot;);\">\n                <div class=\"u-container-layout u-valign-middle u-container-layout-2\" src=\"\"><\/div>\n              <\/div>\n            <\/div>\n          <\/div>\n        <\/div>\n      <\/div>\n    <\/section>\n    <section class=\"u-clearfix u-section-6\" id=\"carousel_7d14\">\n      <div class=\"u-clearfix u-sheet u-sheet-1\">\n        <div class=\"data-layout-selected u-clearfix u-expanded-width u-gutter-10 u-layout-wrap u-layout-wrap-1\">\n          <div class=\"u-layout\" style=\"\">\n            <div class=\"u-layout-row\" style=\"\">\n              <div class=\"u-align-left u-container-align-left u-container-style u-layout-cell u-right-cell u-size-30 u-size-xs-60 u-white u-layout-cell-1\">\n                <div class=\"u-container-layout u-container-layout-1\">\n                  <h2 class=\"u-align-center-md u-align-center-sm u-align-center-xs u-text u-text-1\"> MWG c\u2019est aussi un atelier de restauration<\/h2>\n                  <p class=\"u-text u-text-2\"> L\u2019atelier MWG, effectue la restauration de v\u00e9hicule toutes marques ancien ou r\u00e9cent<br>Restauration compl\u00e8te de votre voiture ancienne ou de collection, MWG&nbsp;intervient pour la r\u00e9novation compl\u00e8te&nbsp;d\u2019automobile, ancienne ou de collection.<br>Que vous soyez \u00e0 Saint-Mamet, Saint-Lary-Soulan ou Arreau, nous prodiguons des&nbsp;conseils personnalis\u00e9s&nbsp;en mati\u00e8re de restauration de voiture ancienne et de collection, notamment si vous souhaitez l\u2019exposer ou la vendre.<br>\n                    <br>Afin de redonner un aspect authentique \u00e0 votre v\u00e9hicule, nous sommes \u00e0 votre disposition pour restaurer votre ancienne v\u00e9hicule .\n                  <\/p>\n                  <a href=\"https:\/\/mwg-garage.fr\/bonjour-tout-le-monde\/\" class=\"u-btn u-btn-round u-button-style u-hover-palette-1-light-1 u-palette-1-base u-radius u-btn-1\">Exemple de vehicule restaur\u00e9 <\/a>\n                <\/div>\n              <\/div>\n              <div class=\"u-align-left u-container-align-left u-container-style u-layout-cell u-left-cell u-size-30 u-size-xs-60 u-layout-cell-2\" src=\"\">\n                <div class=\"u-container-layout u-valign-middle u-container-layout-2\" src=\"\">\n                  <img decoding=\"async\" class=\"u-expanded-width u-image u-image-1\" src=\"https:\/\/mwg-garage.fr\/wp-content\/uploads\/2024\/09\/448912381_1060544799036841_6439811622105202334_n.jpg\" data-image-width=\"2048\" data-image-height=\"1536\">\n                <\/div>\n              <\/div>\n            <\/div>\n          <\/div>\n        <\/div>\n      <\/div>\n    <\/section>\n    <section class=\"u-clearfix u-section-7\" id=\"carousel_8d15\">\n      <div class=\"u-clearfix u-sheet u-sheet-1\">\n        <div class=\"data-layout-selected u-clearfix u-expanded-width u-gutter-10 u-layout-wrap u-layout-wrap-1\">\n          <div class=\"u-layout\" style=\"\">\n            <div class=\"u-layout-row\" style=\"\">\n              <div class=\"cell-temp-clone u-align-left u-container-align-left u-container-align-left-lg u-container-align-left-xl u-container-style u-layout-cell u-right-cell u-size-30 u-size-xs-60 u-white u-layout-cell-1\">\n                <div class=\"u-container-layout u-container-layout-1\">\n                  <h2 class=\"u-align-center-md u-align-center-sm u-align-center-xs u-text u-text-1\"> &nbsp; &nbsp; &nbsp;\u200bPr\u00e9parez votre v\u00e9hicule pour la comp\u00e9tition<\/h2>\n                  <p class=\"u-text u-text-2\"> Vous participez \u00e0 une comp\u00e9tition de course automobile et avez besoin d\u2019un v\u00e9hicule performant ?<br>Le garage auto MWG vous propose ses services pour la conception de votre v\u00e9hicule de comp\u00e9tition.<br>\n                    <br>En effet, pour une comp\u00e9tition automobile, il est vivement conseill\u00e9 de faire appel \u00e0 un pr\u00e9parateur automobile expert.<br>\n                    <br>Match Wagen Garage vous propose un large panel de pi\u00e8ces d\u00e9tach\u00e9es classiques et sp\u00e9cifiques, \u00e0 des prix comp\u00e9titifs.<br>\n                    <br>Parce que chaque v\u00e9hicule est diff\u00e9rent, votre pr\u00e9parateur automobile \u00e0 Bagn\u00e8res-de-Luchon analyse et perfectionne les performances de votre v\u00e9hicule, notamment au niveau de la motorisation, du freinage, de l\u2019a\u00e9rodynamique, etc.\n                  <\/p>\n                <\/div>\n              <\/div>\n              <div class=\"u-align-left u-container-align-left u-container-style u-layout-cell u-left-cell u-size-30 u-size-xs-60 u-layout-cell-2\" src=\"\">\n                <div class=\"u-container-layout u-valign-middle u-container-layout-2\" src=\"\">\n                  <img decoding=\"async\" class=\"u-expanded-width u-image u-image-1\" src=\"https:\/\/mwg-garage.fr\/wp-content\/uploads\/2024\/09\/440873785_1022797339478254_8458491312197690130_n.jpg\" data-image-width=\"2048\" data-image-height=\"1536\">\n                <\/div>\n              <\/div>\n            <\/div>\n          <\/div>\n        <\/div>\n      <\/div>\n    <\/section>\n    <section class=\"u-clearfix u-section-8\" id=\"carousel_4c88\">\n      <div class=\"u-clearfix u-sheet u-sheet-1\">\n        <div class=\"data-layout-selected u-clearfix u-expanded-width u-gutter-10 u-layout-wrap u-layout-wrap-1\">\n          <div class=\"u-layout\" style=\"\">\n            <div class=\"u-layout-row\" style=\"\">\n              <div class=\"cell-temp-clone u-align-left u-container-align-left u-container-style u-layout-cell u-right-cell u-size-30 u-size-xs-60 u-white u-layout-cell-1\">\n                <div class=\"u-container-layout u-container-layout-1\">\n                  <h2 class=\"u-text u-text-1\"> Planifiez votre comp\u00e9tition et pr\u00e9parez votre voiture en cons\u00e9quence<\/h2>\n                  <p class=\"u-text u-text-2\"> Vous souhaitez changer l\u2019aspect ext\u00e9rieur ou int\u00e9rieur de votre v\u00e9hicule une pr\u00e9paration de votre voiture pour une comp\u00e9tition ?<br>Votre pr\u00e9parateur automobile \u00e0 Bagn\u00e8res-de-Luchon prend en charge votre v\u00e9hicule et le rend plus performant et plus esth\u00e9tique.<br>\n                    <br>Au sein de son atelier situ\u00e9 \u00e0 proximit\u00e9 de Saint-Mamet, Saint-Lary-Soulan et Arreau,<br>il garantit une transformation sur mesure de votre automobile, tout en respectant les normes des diff\u00e9rents constructeurs automobile.<br>\n                    <br>R\u00e9pondant \u00e0 tous vos besoins pour la pr\u00e9paration \u00e0 une comp\u00e9tition auto, MWG effectue les travaux de r\u00e9paration et de restauration n\u00e9cessaires.\n                  <\/p>\n                <\/div>\n              <\/div>\n              <div class=\"u-align-left u-container-align-left u-container-style u-layout-cell u-left-cell u-size-30 u-size-xs-60 u-layout-cell-2\" src=\"\">\n                <div class=\"u-container-layout u-valign-middle u-container-layout-2\" src=\"\">\n                  <img decoding=\"async\" class=\"u-expanded-width u-image u-image-1\" src=\"https:\/\/mwg-garage.fr\/wp-content\/uploads\/2024\/09\/345642402_921943412441458_1209233483465718353_n.jpg\" data-image-width=\"960\" data-image-height=\"720\">\n                <\/div>\n              <\/div>\n            <\/div>\n          <\/div>\n        <\/div>\n      <\/div>\n    <\/section>\n    <section class=\"u-clearfix u-section-9\" id=\"carousel_e17d\">\n      <div class=\"u-clearfix u-sheet u-sheet-1\">\n        <div class=\"data-layout-selected u-clearfix u-expanded-width u-gutter-10 u-layout-wrap u-layout-wrap-1\">\n          <div class=\"u-layout\" style=\"\">\n            <div class=\"u-layout-row\" style=\"\">\n              <div class=\"cell-temp-clone u-align-left u-container-align-left u-container-style u-layout-cell u-right-cell u-size-30 u-size-xs-60 u-white u-layout-cell-1\">\n                <div class=\"u-container-layout u-container-layout-1\">\n                  <h2 class=\"u-text u-text-1\">Qui sommes nous ?<\/h2>\n                  <p class=\"u-text u-text-2\"> Auparavant agr\u00e9\u00e9 Citro\u00ebn depuis 52 ans, le garage auto Match Wagen Garage situ\u00e9 \u00e0 Bagn\u00e8res-de-Luchon en Haute-Garonne, a \u00e9t\u00e9 repris en 2019 par Mike Noel, passionn\u00e9 d\u2019automobiles de comp\u00e9tition.<br>Ce garage propose des services sur-mesure pour la r\u00e9paration et l\u2019entretien de votre voiture, gr\u00e2ce \u00e0 un mat\u00e9riel de diagnostic et des pi\u00e8ces autos de toutes marques.<br>\n                    <br>Mike Noel, g\u00e9rant de l\u2019atelier m\u00e9canique Match Wagen Garage, poss\u00e8de diff\u00e9rentes certifications comme un CAP M\u00e9tallier-Serrurier, un CAP pour travaux en altitude jusqu\u2019\u00e0 110 m\u00e8tres, un BEP Chaudronnier et structures m\u00e9talliques \u00e0 PMMA puis a suivi une formation d\u00e9panneur-remorqueur B2XL.<br>\n                    <br>Ces connaissances lui ont permis d\u2019occuper plusieurs postes dans diff\u00e9rents domaines :<br>De Septembre 2011 \u00e0 Juillet 2014 : pr\u00e9parateur automobile comp\u00e9tition chez WG British Racing.<br>De Ao\u00fbt 2015 \u00e0 Avril 2018 : m\u00e9canicien automobile chez Classic Automobile.<br>Avril 2016 : assistance Tour Auto pour TF1 .<br>Juin 2017 :assistance NASCAR chez Team FJ.<br>Juillet 2018 : assistance de v\u00e9hicules publicitaires pour le Tour de France chez Ideactif.<br>De 2011 \u00e0 2020 : suivi de v\u00e9hicules de comp\u00e9tition sur circuit et autre discipline.\n                  <\/p>\n                <\/div>\n              <\/div>\n              <div class=\"u-align-left u-container-align-left u-container-style u-layout-cell u-left-cell u-size-30 u-size-xs-60 u-layout-cell-2\" src=\"\">\n                <div class=\"u-container-layout u-container-layout-2\" src=\"\">\n                  <img decoding=\"async\" class=\"u-expanded-width u-image u-image-default u-image-1\" src=\"https:\/\/mwg-garage.fr\/wp-content\/uploads\/2024\/09\/346771011_206347502208247_8047922656410767366_n.jpg\" alt=\"\" data-image-width=\"480\" data-image-height=\"640\">\n                <\/div>\n              <\/div>\n            <\/div>\n          <\/div>\n        <\/div>\n      <\/div>\n    <\/section>\n    \n    \n    \n  \n<\/div>","protected":false},"excerpt":{"rendered":"<p>MWG Sp\u00e9cialiste en restauration de v\u00e9hicules de collection et en assistance comp\u00e9tition.R\u00e9paration et entretien de vehicules toutes marques En savoir plus Nos horaires Du lundi au jeudi de 9h \u00e0 12h30 et de 14h \u00e0 18h30 Vendredi de 9h \u00e0 12h30 et de 14h \u00e0 17h30 Samedi de 9h \u00e0 12h30 &nbsp; mwg31110@yahoo.com 58 Avenue [&hellip;]<\/p>\n","protected":false},"author":1,"featured_media":0,"parent":0,"menu_order":0,"comment_status":"closed","ping_status":"closed","template":"","meta":{"footnotes":""},"class_list":["post-17","page","type-page","status-publish","hentry","post"],"_links":{"self":[{"href":"https:\/\/mwg-garage.fr\/index.php?rest_route=\/wp\/v2\/pages\/17","targetHints":{"allow":["GET"]}}],"collection":[{"href":"https:\/\/mwg-garage.fr\/index.php?rest_route=\/wp\/v2\/pages"}],"about":[{"href":"https:\/\/mwg-garage.fr\/index.php?rest_route=\/wp\/v2\/types\/page"}],"author":[{"embeddable":true,"href":"https:\/\/mwg-garage.fr\/index.php?rest_route=\/wp\/v2\/users\/1"}],"replies":[{"embeddable":true,"href":"https:\/\/mwg-garage.fr\/index.php?rest_route=%2Fwp%2Fv2%2Fcomments&post=17"}],"version-history":[{"count":5,"href":"https:\/\/mwg-garage.fr\/index.php?rest_route=\/wp\/v2\/pages\/17\/revisions"}],"predecessor-version":[{"id":75,"href":"https:\/\/mwg-garage.fr\/index.php?rest_route=\/wp\/v2\/pages\/17\/revisions\/75"}],"wp:attachment":[{"href":"https:\/\/mwg-garage.fr\/index.php?rest_route=%2Fwp%2Fv2%2Fmedia&parent=17"}],"curies":[{"name":"wp","href":"https:\/\/api.w.org\/{rel}","templated":true}]}}