{"id":39,"date":"2024-09-24T19:06:35","date_gmt":"2024-09-24T17:06:35","guid":{"rendered":"https:\/\/mwg-garage.fr\/?page_id=39"},"modified":"2024-10-16T18:37:08","modified_gmt":"2024-10-16T16:37:08","slug":"restauration","status":"publish","type":"page","link":"https:\/\/mwg-garage.fr\/?page_id=39","title":{"rendered":"Restauration"},"content":{"rendered":"<div class=\"\" style=\"\" >\n    \n    <section class=\"u-align-center u-clearfix u-image u-shading u-section-2\" src=\"\" data-image-width=\"680\" data-image-height=\"314\" id=\"sec-8433\" style=\"background-image: linear-gradient(0deg, rgba(0, 0, 0, 0.55), rgba(0, 0, 0, 0.55)), url(&quot;https:\/\/mwg-garage.fr\/wp-content\/uploads\/2024\/09\/2023-08-28.png&quot;);\">\n      <div class=\"u-clearfix u-sheet u-sheet-1\">\n        <h1 class=\"u-align-center u-text u-text-1\">Nos restaurations<\/h1>\n        <p class=\"u-align-center u-large-text u-text u-text-variant u-text-2\">Ci-dessous, des v\u00e9hicules restaur\u00e9 par MWG<\/p>\n      <\/div>\n    <\/section>\n    <section class=\"u-align-center u-clearfix u-container-align-center u-section-3\" id=\"sec-d658\">\n      <div class=\"u-clearfix u-sheet u-valign-middle u-sheet-1\">\n        <div class=\"data-layout-selected u-clearfix u-expanded-width u-gutter-0 u-layout-wrap u-layout-wrap-1\">\n          <div class=\"u-layout\" style=\"\">\n            <div class=\"u-layout-row\" style=\"\">\n              <div class=\"u-align-left u-container-align-left u-container-style u-layout-cell u-left-cell u-size-30 u-size-xs-60 u-layout-cell-1\" src=\"\">\n                <div class=\"u-container-layout u-container-layout-1\" src=\"\">\n                  <div class=\"u-carousel u-expanded-width u-gallery u-gallery-slider u-layout-carousel u-lightbox u-no-transition u-show-text-on-hover u-gallery-1\" data-interval=\"5000\" data-u-ride=\"carousel\" id=\"carousel-cb8a\">\n                    <ol class=\"u-absolute-hcenter u-carousel-indicators u-carousel-indicators-1\">\n                      <li data-u-target=\"#carousel-cb8a\" data-u-slide-to=\"0\" class=\"u-active u-grey-70 u-shape-circle\" style=\"width: 10px; height: 10px;\"><\/li>\n                      <li data-u-target=\"#carousel-cb8a\" data-u-slide-to=\"1\" class=\"u-grey-70 u-shape-circle\" style=\"width: 10px; height: 10px;\"><\/li>\n                      <li data-u-target=\"#carousel-cb8a\" data-u-slide-to=\"2\" class=\"u-grey-70 u-shape-circle\" style=\"width: 10px; height: 10px;\"><\/li>\n                      <li data-u-target=\"#carousel-cb8a\" data-u-slide-to=\"3\" class=\"u-grey-70 u-shape-circle\" style=\"width: 10px; height: 10px;\"><\/li>\n                      <li data-u-target=\"#carousel-cb8a\" data-u-slide-to=\"4\" class=\"u-grey-70 u-shape-circle\" style=\"width: 10px; height: 10px;\"><\/li>\n                      <li data-u-target=\"#carousel-cb8a\" data-u-slide-to=\"5\" class=\"u-grey-70 u-shape-circle\" style=\"width: 10px; height: 10px;\"><\/li>\n                      <li data-u-target=\"#carousel-cb8a\" data-u-slide-to=\"6\" class=\"u-grey-70 u-shape-circle\" style=\"width: 10px; height: 10px;\"><\/li>\n                      <li data-u-target=\"#carousel-cb8a\" data-u-slide-to=\"7\" class=\"u-grey-70 u-shape-circle\" style=\"width: 10px; height: 10px;\"><\/li>\n                    <\/ol>\n                    <div class=\"u-carousel-inner u-gallery-inner\" role=\"listbox\">\n                      <div class=\"u-active u-carousel-item u-effect-fade u-gallery-item u-carousel-item-1\">\n                        <div class=\"u-back-slide\">\n                          <img decoding=\"async\" class=\"u-back-image u-expanded\" src=\"https:\/\/mwg-garage.fr\/wp-content\/uploads\/2024\/09\/450781192_1075036654254322_508005453690793537_n.jpg\">\n                        <\/div>\n                        <div class=\"u-align-center u-over-slide u-shading u-valign-bottom u-over-slide-1\">\n                          <h3 class=\"u-gallery-heading\">Exemple de titre<\/h3>\n                          <p class=\"u-gallery-text\">Exemple de texte<\/p>\n                        <\/div>\n                      <\/div>\n                      <div class=\"u-carousel-item u-effect-fade u-gallery-item u-carousel-item-2\">\n                        <div class=\"u-back-slide\">\n                          <img decoding=\"async\" class=\"u-back-image u-expanded\" src=\"https:\/\/mwg-garage.fr\/wp-content\/uploads\/2024\/09\/451028131_1075036864254301_5335030111411111392_n.jpg\">\n                        <\/div>\n                        <div class=\"u-align-center u-over-slide u-shading u-valign-bottom u-over-slide-2\">\n                          <h3 class=\"u-gallery-heading\">Exemple de titre<\/h3>\n                          <p class=\"u-gallery-text\">Exemple de texte<\/p>\n                        <\/div>\n                      <\/div>\n                      <div class=\"u-carousel-item u-effect-fade u-gallery-item u-carousel-item-3\">\n                        <div class=\"u-back-slide\">\n                          <img decoding=\"async\" class=\"u-back-image u-expanded\" src=\"https:\/\/mwg-garage.fr\/wp-content\/uploads\/2024\/09\/450803407_1075036894254298_4745064209070113205_n.jpg\">\n                        <\/div>\n                        <div class=\"u-align-center u-over-slide u-shading u-valign-bottom u-over-slide-3\"><\/div>\n                        <style data-mode=\"XL\"><\/style>\n                        <style data-mode=\"LG\"><\/style>\n                        <style data-mode=\"MD\"><\/style>\n                        <style data-mode=\"SM\"><\/style>\n                        <style data-mode=\"XS\"><\/style>\n                      <\/div>\n                      <div class=\"u-carousel-item u-effect-fade u-gallery-item u-carousel-item-4\">\n                        <div class=\"u-back-slide\">\n                          <img decoding=\"async\" class=\"u-back-image u-expanded\" src=\"https:\/\/mwg-garage.fr\/wp-content\/uploads\/2024\/09\/450793683_1075036627587658_8176676200569189167_n.jpg\">\n                        <\/div>\n                        <div class=\"u-align-center u-over-slide u-shading u-valign-bottom u-over-slide-4\"><\/div>\n                        <style data-mode=\"XL\"><\/style>\n                        <style data-mode=\"LG\"><\/style>\n                        <style data-mode=\"MD\"><\/style>\n                        <style data-mode=\"SM\"><\/style>\n                        <style data-mode=\"XS\"><\/style>\n                      <\/div>\n                      <div class=\"u-carousel-item u-effect-fade u-gallery-item u-carousel-item-5\">\n                        <div class=\"u-back-slide\">\n                          <img decoding=\"async\" class=\"u-back-image u-expanded\" src=\"https:\/\/mwg-garage.fr\/wp-content\/uploads\/2024\/09\/450803944_1075036877587633_8203899700203760323_n.jpg\">\n                        <\/div>\n                        <div class=\"u-align-center u-over-slide u-shading u-valign-bottom u-over-slide-5\"><\/div>\n                        <style data-mode=\"XL\"><\/style>\n                        <style data-mode=\"LG\"><\/style>\n                        <style data-mode=\"MD\"><\/style>\n                        <style data-mode=\"SM\"><\/style>\n                        <style data-mode=\"XS\"><\/style>\n                      <\/div>\n                      <div class=\"u-carousel-item u-effect-fade u-gallery-item u-carousel-item-6\">\n                        <div class=\"u-back-slide\">\n                          <img decoding=\"async\" class=\"u-back-image u-expanded\" src=\"https:\/\/mwg-garage.fr\/wp-content\/uploads\/2024\/09\/450757499_1075036824254305_1071773727872016546_n.jpg\">\n                        <\/div>\n                        <div class=\"u-align-center u-over-slide u-shading u-valign-bottom u-over-slide-6\"><\/div>\n                        <style data-mode=\"XL\"><\/style>\n                        <style data-mode=\"LG\"><\/style>\n                        <style data-mode=\"MD\"><\/style>\n                        <style data-mode=\"SM\"><\/style>\n                        <style data-mode=\"XS\"><\/style>\n                      <\/div>\n                      <div class=\"u-carousel-item u-effect-fade u-gallery-item u-carousel-item-7\">\n                        <div class=\"u-back-slide\">\n                          <img decoding=\"async\" class=\"u-back-image u-expanded\" src=\"https:\/\/mwg-garage.fr\/wp-content\/uploads\/2024\/09\/450784927_1075036910920963_775114105405565278_n.jpg\">\n                        <\/div>\n                        <div class=\"u-align-center u-over-slide u-shading u-valign-bottom u-over-slide-7\"><\/div>\n                        <style data-mode=\"XL\"><\/style>\n                        <style data-mode=\"LG\"><\/style>\n                        <style data-mode=\"MD\"><\/style>\n                        <style data-mode=\"SM\"><\/style>\n                        <style data-mode=\"XS\"><\/style>\n                      <\/div>\n                      <div class=\"u-carousel-item u-effect-fade u-gallery-item u-carousel-item-8\">\n                        <div class=\"u-back-slide\">\n                          <img decoding=\"async\" class=\"u-back-image u-expanded\" src=\"https:\/\/mwg-garage.fr\/wp-content\/uploads\/2024\/09\/451016243_1075036830920971_4074190248183055533_n.jpg\">\n                        <\/div>\n                        <div class=\"u-align-center u-over-slide u-shading u-valign-bottom u-over-slide-8\"><\/div>\n                        <style data-mode=\"XL\"><\/style>\n                        <style data-mode=\"LG\"><\/style>\n                        <style data-mode=\"MD\"><\/style>\n                        <style data-mode=\"SM\"><\/style>\n                        <style data-mode=\"XS\"><\/style>\n                      <\/div>\n                    <\/div>\n                    <a class=\"u-absolute-vcenter u-carousel-control u-carousel-control-prev u-grey-70 u-icon-circle u-opacity u-opacity-70 u-spacing-10 u-text-white u-carousel-control-1\" href=\"#carousel-cb8a\" role=\"button\" data-u-slide=\"prev\">\n                      <span aria-hidden=\"true\">\n                        <svg viewBox=\"0 0 451.847 451.847\"><path d=\"M97.141,225.92c0-8.095,3.091-16.192,9.259-22.366L300.689,9.27c12.359-12.359,32.397-12.359,44.751,0\nc12.354,12.354,12.354,32.388,0,44.748L173.525,225.92l171.903,171.909c12.354,12.354,12.354,32.391,0,44.744\nc-12.354,12.365-32.386,12.365-44.745,0l-194.29-194.281C100.226,242.115,97.141,234.018,97.141,225.92z\"><\/path><\/svg>\n                      <\/span>\n                      <span class=\"sr-only\">\n                        <svg viewBox=\"0 0 451.847 451.847\"><path d=\"M97.141,225.92c0-8.095,3.091-16.192,9.259-22.366L300.689,9.27c12.359-12.359,32.397-12.359,44.751,0\nc12.354,12.354,12.354,32.388,0,44.748L173.525,225.92l171.903,171.909c12.354,12.354,12.354,32.391,0,44.744\nc-12.354,12.365-32.386,12.365-44.745,0l-194.29-194.281C100.226,242.115,97.141,234.018,97.141,225.92z\"><\/path><\/svg>\n                      <\/span>\n                    <\/a>\n                    <a class=\"u-absolute-vcenter u-carousel-control u-carousel-control-next u-grey-70 u-icon-circle u-opacity u-opacity-70 u-spacing-10 u-text-white u-carousel-control-2\" href=\"#carousel-cb8a\" role=\"button\" data-u-slide=\"next\">\n                      <span aria-hidden=\"true\">\n                        <svg viewBox=\"0 0 451.846 451.847\"><path d=\"M345.441,248.292L151.154,442.573c-12.359,12.365-32.397,12.365-44.75,0c-12.354-12.354-12.354-32.391,0-44.744\nL278.318,225.92L106.409,54.017c-12.354-12.359-12.354-32.394,0-44.748c12.354-12.359,32.391-12.359,44.75,0l194.287,194.284\nc6.177,6.18,9.262,14.271,9.262,22.366C354.708,234.018,351.617,242.115,345.441,248.292z\"><\/path><\/svg>\n                      <\/span>\n                      <span class=\"sr-only\">\n                        <svg viewBox=\"0 0 451.846 451.847\"><path d=\"M345.441,248.292L151.154,442.573c-12.359,12.365-32.397,12.365-44.75,0c-12.354-12.354-12.354-32.391,0-44.744\nL278.318,225.92L106.409,54.017c-12.354-12.359-12.354-32.394,0-44.748c12.354-12.359,32.391-12.359,44.75,0l194.287,194.284\nc6.177,6.18,9.262,14.271,9.262,22.366C354.708,234.018,351.617,242.115,345.441,248.292z\"><\/path><\/svg>\n                      <\/span>\n                    <\/a>\n                  <\/div>\n                <\/div>\n              <\/div>\n              <div class=\"u-align-left u-container-align-left u-container-style u-layout-cell u-right-cell u-shape-rectangle u-size-30 u-size-xs-60 u-layout-cell-2\">\n                <div class=\"u-container-layout u-container-layout-2\">\n                  <p class=\"u-text u-text-1\"> Petite Renault 4cv.<br>Au programme:<br>Changement de l\u2019allumeur complet car il avait trop d\u2019usure et donc du jeux de partout.<br>R\u00e9glage allumage <br>R\u00e9glage de la carburation.<br>Contr\u00f4le global\n                  <\/p>\n                <\/div>\n              <\/div>\n            <\/div>\n          <\/div>\n        <\/div>\n      <\/div>\n    <\/section>\n    <section class=\"u-align-center u-clearfix u-container-align-center u-section-4\" id=\"carousel_6f84\">\n      <div class=\"u-clearfix u-sheet u-valign-middle u-sheet-1\">\n        <div class=\"data-layout-selected u-clearfix u-expanded-width u-gutter-0 u-layout-wrap u-layout-wrap-1\">\n          <div class=\"u-layout\" style=\"\">\n            <div class=\"u-layout-row\" style=\"\">\n              <div class=\"u-align-left u-container-align-left u-container-style u-layout-cell u-left-cell u-size-30 u-size-xs-60 u-layout-cell-1\" src=\"\">\n                <div class=\"u-container-layout u-container-layout-1\" src=\"\"><\/div>\n              <\/div>\n              <div class=\"u-align-left u-container-align-left u-container-style u-layout-cell u-right-cell u-shape-rectangle u-size-30 u-size-xs-60 u-layout-cell-2\">\n                <div class=\"u-container-layout u-container-layout-2\">\n                  <p class=\"u-text u-text-1\"> Mini Austin suite \u00e0 un choc arri\u00e8re.<br>D\u00e9montage<br>Changement de la demie face arri\u00e8re<br>Redressage de l\u2019aile arri\u00e8re gauche <br>Changement partiel du fond de coffre <br>Malle <br>Pare choc, ligne d\u2019\u00e9chappement ect<br>Peinture <br>Et remontage de l\u2019ensemble.\n                  <\/p>\n                <\/div>\n              <\/div>\n            <\/div>\n          <\/div>\n        <\/div>\n      <\/div>\n    <\/section>\n    \n    \n    \n  \n<\/div>","protected":false},"excerpt":{"rendered":"<p>Nos restaurations Ci-dessous, des v\u00e9hicules restaur\u00e9 par MWG Exemple de titre Exemple de texte Exemple de titre Exemple de texte Petite Renault 4cv.Au programme:Changement de l\u2019allumeur complet car il avait trop d\u2019usure et donc du jeux de partout.R\u00e9glage allumage R\u00e9glage de la carburation.Contr\u00f4le global Mini Austin suite \u00e0 un choc arri\u00e8re.D\u00e9montageChangement de la demie face [&hellip;]<\/p>\n","protected":false},"author":1,"featured_media":0,"parent":0,"menu_order":0,"comment_status":"closed","ping_status":"closed","template":"","meta":{"footnotes":""},"class_list":["post-39","page","type-page","status-publish","hentry","post"],"_links":{"self":[{"href":"https:\/\/mwg-garage.fr\/index.php?rest_route=\/wp\/v2\/pages\/39","targetHints":{"allow":["GET"]}}],"collection":[{"href":"https:\/\/mwg-garage.fr\/index.php?rest_route=\/wp\/v2\/pages"}],"about":[{"href":"https:\/\/mwg-garage.fr\/index.php?rest_route=\/wp\/v2\/types\/page"}],"author":[{"embeddable":true,"href":"https:\/\/mwg-garage.fr\/index.php?rest_route=\/wp\/v2\/users\/1"}],"replies":[{"embeddable":true,"href":"https:\/\/mwg-garage.fr\/index.php?rest_route=%2Fwp%2Fv2%2Fcomments&post=39"}],"version-history":[{"count":7,"href":"https:\/\/mwg-garage.fr\/index.php?rest_route=\/wp\/v2\/pages\/39\/revisions"}],"predecessor-version":[{"id":79,"href":"https:\/\/mwg-garage.fr\/index.php?rest_route=\/wp\/v2\/pages\/39\/revisions\/79"}],"wp:attachment":[{"href":"https:\/\/mwg-garage.fr\/index.php?rest_route=%2Fwp%2Fv2%2Fmedia&parent=39"}],"curies":[{"name":"wp","href":"https:\/\/api.w.org\/{rel}","templated":true}]}}